{"id":19,"date":"2025-04-19T10:17:17","date_gmt":"2025-04-19T08:17:17","guid":{"rendered":"http:\/\/www.zukunft-kaltental.de\/?page_id=19"},"modified":"2025-04-19T10:17:18","modified_gmt":"2025-04-19T08:17:18","slug":"about","status":"publish","type":"page","link":"https:\/\/www.zukunft-kaltental.de\/?page_id=19","title":{"rendered":"\u00dcber uns"},"content":{"rendered":"\n<p>Ob hier geboren oder zugezogen, wir Kaltentalerinnen und Kaltentaler setzen uns mit Herz und Engagement f\u00fcr die Menschen und unseren Stadtteil ein. <\/p>\n\n\n\n<p>Die Zukunftswerkstatt Kaltental wurde 2015 unter dem Dach des Waldheimvereins Heslach ins Leben gerufen, mit dem Ziel, Ideen zur Neugestaltung des Stuttgarter Stadtteils Kaltental zu sammeln und diese gegen\u00fcber der Stadt und der \u00d6ffentlichkeit zu vertreten. Initiiert von der damaligen Bezirksbeir\u00e4tin Marion Eisele, fanden zahlreiche B\u00fcrgerspazierg\u00e4nge statt, bei denen gemeinsam Problembereiche identifiziert und Visionen f\u00fcr die Zukunft entwickelt wurden.<\/p>\n\n\n\n<p>Das Engagement der Kaltentaler B\u00fcrgerinnen und B\u00fcrger wurde belohnt: Im Fr\u00fchjahr 2018 wurde die st\u00e4dtebauliche Erneuerungsma\u00dfnahme \u201eStuttgart 31 &#8211; Kaltental\u201c in das Landessanierungsprogramm aufgenommen. Mit Unterst\u00fctzung von F\u00f6rdermitteln des Bundes, des Landes und der Landeshauptstadt Stuttgart wird Kaltental nun zu einem noch lebenswerten Stadtteil weiterentwickelt. Weitere Informationen zum Sanierungsgebiet finden Sie unter: <a href=\"http:\/\/www.sanierung-kaltental.de\" target=\"_blank\" rel=\"noreferrer noopener\">www<\/a><a href=\"http:\/\/www.sanierung-kaltental.de\">.sanierung-kaltental.de<\/a>.<\/p>\n\n\n\n<p>Die Zukunftswerkstatt begleitet den Sanierungsprozess als stimmberechtigtes Mitglied in der <a href=\"https:\/\/www.sanierung-kaltental.de\/Stuttgart31Kaltental\/seite\/Die%20Koordinationsgruppe\" target=\"_blank\" rel=\"noreferrer noopener\">Koordinierungsgruppe <\/a><a href=\"https:\/\/www.sanierung-kaltental.de\/Stuttgart31Kaltental\/seite\/Die%20Koordinationsgruppe\">(KoKa)<\/a>. Nicht nur dort setzen wir uns f\u00fcr ein st\u00e4dtebauliches Gesamtkonzept ein. Wir engagieren uns auch in zahlreichen Projekten, die die Lebensqualit\u00e4t in Kaltental unmittelbar verbessern.<\/p>\n\n\n\n<p>Eine besonders herausragende Initiative der Zukunftswerkstatt ist die von uns ins Leben gerufene und realisierte<strong> <a href=\"https:\/\/www.zukunft-kaltental.de\/?p=323\" target=\"_blank\" rel=\"noreferrer noopener\">Mitfahr-Bank<\/a><\/strong><a href=\"https:\/\/www.zukunft-kaltental.de\/?p=323\" target=\"_blank\" rel=\"noreferrer noopener\"> <\/a>in der unteren Schwarzwaldstra\u00dfe \u2013 ein kleines, aber bedeutendes Projekt f\u00fcr mehr Gemeinschaft und Vernetzung im Stadtteil.<\/p>\n\n\n\n<p>Seit 2023 veranstalten wir zudem regelm\u00e4\u00dfig das \u201e<a href=\"https:\/\/www.zukunft-kaltental.de\/?p=561\"><strong>Kaltental Get Together<\/strong><\/a>\u201c. Zusammen mit unseren Nachbarinnen und Nachbarn m\u00f6chten wir unseren Stadtteil besser kennenlernen und eine Plattform f\u00fcr alle schaffen, die sich aktiv f\u00fcr das Gemeinwohl und die Entwicklung Kaltentals engagieren.<\/p>\n\n\n\n<p>Die Zukunftswerkstatt ist ein unabh\u00e4ngiger Zusammenschluss engagierter Kaltentaler B\u00fcrgerinnen und B\u00fcrger, die gemeinsam daran arbeiten, ihren Stadtteil lebenswerter zu gestalten.<\/p>\n\n\n\n<p>Besucht uns gerne bei unseren Aktionen und Treffen \u2013 wir freuen uns auf den Austausch mit Euch! Wenn Ihr Lust habt, Euch aktiv einzubringen, sind helfende H\u00e4nde stets willkommen.<\/p>\n\n\n\n<p>Bis bald!<\/p>\n\n\n\n<p>Herzliche Gr\u00fc\u00dfe,<br>Sabine Manthey, Reinhold K\u00fchn, Hartmut Bremer, Katrin Hilt, Alexander Haberer<\/p>\n\n\n\n<p>Gerne senden wir per e-Mail eine Einladung zu unserer n\u00e4chsten Veranstaltung.<br>Dazu uns bitte eine Nachricht \u00fcber unser <a href=\"https:\/\/www.zukunft-kaltental.de\/?page_id=260\">Kontaktformular<\/a> senden.<\/p>\n\n\n\n<h4 class=\"wp-block-heading\"><\/h4>\n","protected":false},"excerpt":{"rendered":"<p>Ob hier geboren oder zugezogen, wir Kaltentalerinnen und Kaltentaler setzen uns mit Herz und Engagement f\u00fcr die Menschen und unseren<\/p>\n","protected":false},"author":1,"featured_media":0,"parent":0,"menu_order":0,"comment_status":"closed","ping_status":"closed","template":"","meta":{"advanced_seo_description":"","jetpack_seo_html_title":"","jetpack_seo_noindex":false,"footnotes":""},"class_list":["post-19","page","type-page","status-publish","hentry"],"jetpack_sharing_enabled":true,"_links":{"self":[{"href":"https:\/\/www.zukunft-kaltental.de\/index.php?rest_route=\/wp\/v2\/pages\/19","targetHints":{"allow":["GET"]}}],"collection":[{"href":"https:\/\/www.zukunft-kaltental.de\/index.php?rest_route=\/wp\/v2\/pages"}],"about":[{"href":"https:\/\/www.zukunft-kaltental.de\/index.php?rest_route=\/wp\/v2\/types\/page"}],"author":[{"embeddable":true,"href":"https:\/\/www.zukunft-kaltental.de\/index.php?rest_route=\/wp\/v2\/users\/1"}],"replies":[{"embeddable":true,"href":"https:\/\/www.zukunft-kaltental.de\/index.php?rest_route=%2Fwp%2Fv2%2Fcomments&post=19"}],"version-history":[{"count":28,"href":"https:\/\/www.zukunft-kaltental.de\/index.php?rest_route=\/wp\/v2\/pages\/19\/revisions"}],"predecessor-version":[{"id":979,"href":"https:\/\/www.zukunft-kaltental.de\/index.php?rest_route=\/wp\/v2\/pages\/19\/revisions\/979"}],"wp:attachment":[{"href":"https:\/\/www.zukunft-kaltental.de\/index.php?rest_route=%2Fwp%2Fv2%2Fmedia&parent=19"}],"curies":[{"name":"wp","href":"https:\/\/api.w.org\/{rel}","templated":true}]}}