{"id":2,"date":"2016-06-16T23:25:40","date_gmt":"2016-06-16T21:25:40","guid":{"rendered":"http:\/\/www.zukunft-kaltental.de\/?page_id=2"},"modified":"2026-02-08T14:33:07","modified_gmt":"2026-02-08T13:33:07","slug":"beispiel-seite","status":"publish","type":"page","link":"https:\/\/www.zukunft-kaltental.de\/","title":{"rendered":""},"content":{"rendered":"\n<p class=\"has-medium-font-size\"><strong>Herzlich willkommen bei der Zukunftswerkstatt Kaltental.<\/strong><\/p>\n\n\n\n<p>Ob hier geboren oder zugezogen, wir Kaltentalerinnen und Kaltentaler setzen uns mit Herz und Engagement f\u00fcr die Menschen und unseren Stadtteil ein. Auf den folgenden Seiten findest Du viele Informationen \u00fcber unsere Aktivit\u00e4ten. Wir hoffen, dass unsere Arbeit Dein Interesse weckt und Dich vielleicht auch direkt unterst\u00fctzt hat. Besuche uns gerne bei unseren Aktionen und Treffen \u2013 wir freuen uns auf den Austausch mit Dir! Wenn Du Lust hast, Dich aktiv einzubringen, gib dich bei unserer n\u00e4chsten Veranstaltung zu erkennen. Wir freuen uns auf dich.<\/p>\n\n\n\n<p class=\"has-medium-font-size\"><strong>Unsere n\u00e4chste Veranstaltung<\/strong><\/p>\n\n\n\n<figure class=\"wp-block-image size-large\"><a href=\"https:\/\/www.zukunft-kaltental.de\/?p=1171\"><img loading=\"lazy\" decoding=\"async\" width=\"1024\" height=\"573\" data-attachment-id=\"1175\" data-permalink=\"https:\/\/www.zukunft-kaltental.de\/?attachment_id=1175\" data-orig-file=\"https:\/\/www.zukunft-kaltental.de\/wp-content\/uploads\/Vorlage-Webseite-Nebenan-1-scaled.jpg\" data-orig-size=\"2560,1433\" data-comments-opened=\"1\" data-image-meta=\"{&quot;aperture&quot;:&quot;0&quot;,&quot;credit&quot;:&quot;Hartmut Bremer&quot;,&quot;camera&quot;:&quot;&quot;,&quot;caption&quot;:&quot;&quot;,&quot;created_timestamp&quot;:&quot;1770457582&quot;,&quot;copyright&quot;:&quot;&quot;,&quot;focal_length&quot;:&quot;0&quot;,&quot;iso&quot;:&quot;0&quot;,&quot;shutter_speed&quot;:&quot;0&quot;,&quot;title&quot;:&quot;&quot;,&quot;orientation&quot;:&quot;0&quot;}\" data-image-title=\"Vorlage Webseite Nebenan\" data-image-description=\"\" data-image-caption=\"\" data-medium-file=\"https:\/\/www.zukunft-kaltental.de\/wp-content\/uploads\/Vorlage-Webseite-Nebenan-1-300x168.jpg\" data-large-file=\"https:\/\/www.zukunft-kaltental.de\/wp-content\/uploads\/Vorlage-Webseite-Nebenan-1-1024x573.jpg\" src=\"https:\/\/www.zukunft-kaltental.de\/wp-content\/uploads\/Vorlage-Webseite-Nebenan-1-1024x573.jpg\" alt=\"\" class=\"wp-image-1175\" srcset=\"https:\/\/www.zukunft-kaltental.de\/wp-content\/uploads\/Vorlage-Webseite-Nebenan-1-1024x573.jpg 1024w, https:\/\/www.zukunft-kaltental.de\/wp-content\/uploads\/Vorlage-Webseite-Nebenan-1-300x168.jpg 300w, https:\/\/www.zukunft-kaltental.de\/wp-content\/uploads\/Vorlage-Webseite-Nebenan-1-1536x860.jpg 1536w, https:\/\/www.zukunft-kaltental.de\/wp-content\/uploads\/Vorlage-Webseite-Nebenan-1-2048x1147.jpg 2048w\" sizes=\"auto, (max-width: 1024px) 100vw, 1024px\" \/><\/a><\/figure>\n\n\n\n<p class=\"has-medium-font-size\">Bis bald!<\/p>\n\n\n\n<p>Herzliche Gr\u00fc\u00dfe,<br>Sabine Manthey, Reinhold K\u00fchn, Hartmut Bremer, Alexander Haberer<\/p>\n\n\n\n<p class=\"has-medium-font-size\">Gerne senden wir per e-Mail eine <strong>Einladung zu unserer n\u00e4chsten Veranstaltung<\/strong>.<br>Dazu uns bitte eine Nachricht \u00fcber unser <a href=\"https:\/\/www.zukunft-kaltental.de\/?page_id=260\">Kontaktformular<\/a> senden.<\/p>\n\n\n\n<p><\/p>\n","protected":false},"excerpt":{"rendered":"<p>Herzlich willkommen bei der Zukunftswerkstatt Kaltental. Ob hier geboren oder zugezogen, wir Kaltentalerinnen und Kaltentaler setzen uns mit Herz und<\/p>\n","protected":false},"author":1,"featured_media":0,"parent":0,"menu_order":0,"comment_status":"closed","ping_status":"open","template":"page-templates\/magazine.php","meta":{"advanced_seo_description":"","jetpack_seo_html_title":"","jetpack_seo_noindex":false,"footnotes":""},"class_list":["post-2","page","type-page","status-publish","hentry"],"jetpack_sharing_enabled":true,"_links":{"self":[{"href":"https:\/\/www.zukunft-kaltental.de\/index.php?rest_route=\/wp\/v2\/pages\/2","targetHints":{"allow":["GET"]}}],"collection":[{"href":"https:\/\/www.zukunft-kaltental.de\/index.php?rest_route=\/wp\/v2\/pages"}],"about":[{"href":"https:\/\/www.zukunft-kaltental.de\/index.php?rest_route=\/wp\/v2\/types\/page"}],"author":[{"embeddable":true,"href":"https:\/\/www.zukunft-kaltental.de\/index.php?rest_route=\/wp\/v2\/users\/1"}],"replies":[{"embeddable":true,"href":"https:\/\/www.zukunft-kaltental.de\/index.php?rest_route=%2Fwp%2Fv2%2Fcomments&post=2"}],"version-history":[{"count":36,"href":"https:\/\/www.zukunft-kaltental.de\/index.php?rest_route=\/wp\/v2\/pages\/2\/revisions"}],"predecessor-version":[{"id":1188,"href":"https:\/\/www.zukunft-kaltental.de\/index.php?rest_route=\/wp\/v2\/pages\/2\/revisions\/1188"}],"wp:attachment":[{"href":"https:\/\/www.zukunft-kaltental.de\/index.php?rest_route=%2Fwp%2Fv2%2Fmedia&parent=2"}],"curies":[{"name":"wp","href":"https:\/\/api.w.org\/{rel}","templated":true}]}}