{"id":214,"date":"2021-02-06T20:12:53","date_gmt":"2021-02-06T19:12:53","guid":{"rendered":"http:\/\/www.zukunft-kaltental.de\/?page_id=214"},"modified":"2023-03-06T13:48:28","modified_gmt":"2023-03-06T12:48:28","slug":"impressum","status":"publish","type":"page","link":"https:\/\/www.zukunft-kaltental.de\/?page_id=214","title":{"rendered":"Impressum"},"content":{"rendered":"\n<p>Alexander Haberer<br>Schalmen\u00e4cker 36<br>78052 Villingen-Schwenningen<\/p>\n\n\n\n<p>Telefon: 01579-2521271<br>E-Mail: <a href=\"mailto:webmaster@zukunft-kaltental.de\">webmaster@zukunft-kaltental.de<\/a><\/p>\n\n\n\n<h2 class=\"wp-block-heading\" id=\"disclaimer-rechtliche-hinweise\">Disclaimer \u2013 rechtliche Hinweise<\/h2>\n\n\n\n<p>\u00a7 1 Warnhinweis zu Inhalten<\/p>\n\n\n\n<p>Die kostenlosen und frei zug\u00e4nglichen Inhalte dieser Webseite wurden mit<br>gr\u00f6\u00dftm\u00f6glicher Sorgfalt erstellt. Der Anbieter dieser Webseite \u00fcbernimmt jedoch<br>keine Gew\u00e4hr f\u00fcr die Richtigkeit und Aktualit\u00e4t der bereitgestellten kostenlosen<br>und frei zug\u00e4nglichen journalistischen Ratgeber und Nachrichten. Namentlich<br>gekennzeichnete Beitr\u00e4ge geben die Meinung des jeweiligen Autors und nicht immer<br>die Meinung des Anbieters wieder. Allein durch den Aufruf der kostenlosen und<br>frei zug\u00e4nglichen Inhalte kommt keinerlei Vertragsverh\u00e4ltnis zwischen dem Nutzer<br>und dem Anbieter zustande, insoweit fehlt es am Rechtsbindungswillen des<br>Anbieters.<\/p>\n\n\n\n<p>\u00a7 2 Externe Links<\/p>\n\n\n\n<p>Diese Website enth\u00e4lt Verkn\u00fcpfungen zu Websites Dritter (&#8222;externe Links&#8220;). Diese<br>Websites unterliegen der Haftung der jeweiligen Betreiber. Der Anbieter hat bei<br>der erstmaligen Verkn\u00fcpfung der externen Links die fremden Inhalte daraufhin<br>\u00fcberpr\u00fcft, ob etwaige Rechtsverst\u00f6\u00dfe bestehen. Zu dem Zeitpunkt waren keine<br>Rechtsverst\u00f6\u00dfe ersichtlich. Der Anbieter hat keinerlei Einfluss auf die aktuelle<br>und zuk\u00fcnftige Gestaltung und auf die Inhalte der verkn\u00fcpften Seiten. Das Setzen<br>von externen Links bedeutet nicht, dass sich der Anbieter die hinter dem Verweis<br>oder Link liegenden Inhalte zu Eigen macht. Eine st\u00e4ndige Kontrolle der externen<br>Links ist f\u00fcr den Anbieter ohne konkrete Hinweise auf Rechtsverst\u00f6\u00dfe nicht<br>zumutbar. Bei Kenntnis von Rechtsverst\u00f6\u00dfen werden jedoch derartige externe Links<br>unverz\u00fcglich gel\u00f6scht.<\/p>\n\n\n\n<p>\u00a7 3 Urheber- und Leistungsschutzrechte<\/p>\n\n\n\n<p>Die auf dieser Website ver\u00f6ffentlichten Inhalte unterliegen dem deutschen<br>Urheber- und Leistungsschutzrecht. Jede vom deutschen Urheber- und<br>Leistungsschutzrecht nicht zugelassene Verwertung bedarf der vorherigen<br>schriftlichen Zustimmung des Anbieters oder jeweiligen Rechteinhabers. Dies gilt<br>insbesondere f\u00fcr Vervielf\u00e4ltigung, Bearbeitung, \u00dcbersetzung, Einspeicherung,<br>Verarbeitung bzw. Wiedergabe von Inhalten in Datenbanken oder anderen<br>elektronischen Medien und Systemen. Inhalte und Rechte Dritter sind dabei als<br>solche gekennzeichnet. Die unerlaubte Vervielf\u00e4ltigung oder Weitergabe einzelner<br>Inhalte oder kompletter Seiten ist nicht gestattet und strafbar. Lediglich die<br>Herstellung von Kopien und Downloads f\u00fcr den pers\u00f6nlichen, privaten und nicht<br>kommerziellen Gebrauch ist erlaubt.<\/p>\n\n\n\n<p>Die Darstellung dieser Website in fremden Frames ist nur mit schriftlicher<br>Erlaubnis zul\u00e4ssig.<\/p>\n\n\n\n<p>\u00a7 4 Besondere Nutzungsbedingungen<\/p>\n\n\n\n<p>Soweit besondere Bedingungen f\u00fcr einzelne Nutzungen dieser Website von den<br>vorgenannten Paragraphen abweichen, wird an entsprechender Stelle ausdr\u00fccklich<br>darauf hingewiesen. In diesem Falle gelten im jeweiligen Einzelfall die<br>besonderen Nutzungsbedingungen.<\/p>\n\n\n\n<p>Quelle: <a href=\"https:\/\/www.juraforum.de\">Zur Quelle<\/a><\/p>\n","protected":false},"excerpt":{"rendered":"<p>Alexander HabererSchalmen\u00e4cker 3678052 Villingen-Schwenningen Telefon: 01579-2521271E-Mail: webmaster@zukunft-kaltental.de Disclaimer \u2013 rechtliche Hinweise \u00a7 1 Warnhinweis zu Inhalten Die kostenlosen und frei<\/p>\n","protected":false},"author":1,"featured_media":0,"parent":0,"menu_order":0,"comment_status":"closed","ping_status":"closed","template":"","meta":{"advanced_seo_description":"","jetpack_seo_html_title":"","jetpack_seo_noindex":false,"footnotes":""},"class_list":["post-214","page","type-page","status-publish","hentry"],"jetpack_sharing_enabled":true,"_links":{"self":[{"href":"https:\/\/www.zukunft-kaltental.de\/index.php?rest_route=\/wp\/v2\/pages\/214","targetHints":{"allow":["GET"]}}],"collection":[{"href":"https:\/\/www.zukunft-kaltental.de\/index.php?rest_route=\/wp\/v2\/pages"}],"about":[{"href":"https:\/\/www.zukunft-kaltental.de\/index.php?rest_route=\/wp\/v2\/types\/page"}],"author":[{"embeddable":true,"href":"https:\/\/www.zukunft-kaltental.de\/index.php?rest_route=\/wp\/v2\/users\/1"}],"replies":[{"embeddable":true,"href":"https:\/\/www.zukunft-kaltental.de\/index.php?rest_route=%2Fwp%2Fv2%2Fcomments&post=214"}],"version-history":[{"count":5,"href":"https:\/\/www.zukunft-kaltental.de\/index.php?rest_route=\/wp\/v2\/pages\/214\/revisions"}],"predecessor-version":[{"id":380,"href":"https:\/\/www.zukunft-kaltental.de\/index.php?rest_route=\/wp\/v2\/pages\/214\/revisions\/380"}],"wp:attachment":[{"href":"https:\/\/www.zukunft-kaltental.de\/index.php?rest_route=%2Fwp%2Fv2%2Fmedia&parent=214"}],"curies":[{"name":"wp","href":"https:\/\/api.w.org\/{rel}","templated":true}]}}